{"id":7,"date":"2020-08-29T17:02:44","date_gmt":"2020-08-29T17:02:44","guid":{"rendered":"https:\/\/praxis-am-dorfpark.ch\/?page_id=7"},"modified":"2026-03-02T12:59:26","modified_gmt":"2026-03-02T12:59:26","slug":"praxis","status":"publish","type":"page","link":"https:\/\/praxis-am-dorfpark.ch\/","title":{"rendered":"Praxis"},"content":{"rendered":"\n<div class=\"wp-block-group\"><div class=\"wp-block-group__inner-container\">\n<div class=\"wp-block-group\"><div class=\"wp-block-group__inner-container\"><\/div><\/div>\n<\/div><\/div>\n\n\n\n<pre class=\"wp-block-preformatted\"><strong>Terminvereinbarungen bitte telefonisch oder Online und NICHT per E-Mail. Vielen Dank f\u00fcr Ihr Verst\u00e4ndnis. \ud83d\ude0a<\/strong>\n\nTelefonnummer: +41 41 620 64 55\n<a href=\"https:\/\/www.onedoc.ch\/de\/gruppenpraxis\/buochs\/e8zr\/praxis-am-dorfpark\" target=\"_blank\" rel=\"noreferrer noopener\">Hier Termin Online vereinbaren<\/a><\/pre>\n\n\n\n<pre class=\"wp-block-preformatted\"><strong>Falls Sie einen Termin nicht wahrnehmen k\u00f6nnen, bitten wir Sie diesen rechtzeitig abzusagen. Termine, welche nicht 24 Stunden vorher abgesagt werden oder vers\u00e4umte Termine werden mit 50 bis 80 CHF (je nach L\u00e4nge des Termines) verrechnet.<\/strong><\/pre>\n\n\n\n<pre class=\"wp-block-preformatted\"><strong>Ferien 2026: <\/strong>\n23.03. bis 29.03.2026\n06.07. bis 19.07.2026\n14.09. bis 20.09.2026\n30.11. bis 13.12.2026<\/pre>\n\n\n\n<p><\/p>\n\n\n\n<p class=\"has-text-align-center\"><strong>Liebe Patientinnen und Patienten,<\/strong><\/p>\n\n\n\n<p class=\"has-text-align-center\"><strong>Willkommen auf der Webseite der Praxis am Dorfpark<\/strong><\/p>\n\n\n\n<p>Wir f\u00fchren die Praxis von Dr. Risi fort und \u00fcbernehmen selbstverst\u00e4ndlich gerne seine Patientinnen und Patienten. Auch neue Patientinnen und Patienten sind bei uns jederzeit willkommen!&nbsp;Kinder und Jugendliche betreuen wir ebenfalls gerne.<\/p>\n\n\n\n<p><\/p>\n\n\n\n<div class=\"wp-block-group\"><div class=\"wp-block-group__inner-container\">\n<pre class=\"wp-block-preformatted\"><strong>Praxis am Dorfpark\n<\/strong>Haus am Dorfpark, 6374 Buochs\nTelefon: 041 620 64 55\n\n<strong>\u00d6ffnungszeiten<\/strong>\nMo \u2013 Do 8-12 Uhr und 13-18 Uhr, Fr 8-12 Uhr und 13-15 Uhr\nAusserhalb der \u00d6ffnungszeiten nach Vereinbarung<\/pre>\n<\/div><\/div>\n\n\n\n<p><\/p>\n\n\n\n<p><\/p>\n","protected":false},"excerpt":{"rendered":"<p>Terminvereinbarungen bitte telefonisch oder Online und NICHT per E-Mail. Vielen Dank f\u00fcr Ihr Verst\u00e4ndnis. \ud83d\ude0a Telefonnummer: +41 41 620 64 55 Hier Termin Online vereinbaren Falls Sie einen Termin nicht wahrnehmen k\u00f6nnen, bitten wir Sie diesen rechtzeitig abzusagen. Termine, welche&#8230; <a class=\"more-link\" href=\"https:\/\/praxis-am-dorfpark.ch\/\">Weiterlesen &rarr;<\/a><\/p>\n","protected":false},"author":1,"featured_media":0,"parent":0,"menu_order":0,"comment_status":"closed","ping_status":"closed","template":"template-nosidebar.php","meta":[],"yoast_head":"<!-- This site is optimized with the Yoast SEO plugin v14.8.1 - https:\/\/yoast.com\/wordpress\/plugins\/seo\/ -->\n<title>Praxis - Praxis am Dorfpark<\/title>\n<meta name=\"robots\" content=\"index, follow\" \/>\n<meta name=\"googlebot\" content=\"index, follow, max-snippet:-1, max-image-preview:large, max-video-preview:-1\" \/>\n<meta name=\"bingbot\" content=\"index, follow, max-snippet:-1, max-image-preview:large, max-video-preview:-1\" \/>\n<link rel=\"canonical\" href=\"https:\/\/praxis-am-dorfpark.ch\/\" \/>\n<meta property=\"og:locale\" content=\"de_DE\" \/>\n<meta property=\"og:type\" content=\"article\" \/>\n<meta property=\"og:title\" content=\"Praxis - Praxis am Dorfpark\" \/>\n<meta property=\"og:description\" content=\"Terminvereinbarungen bitte telefonisch oder Online und NICHT per E-Mail. Vielen Dank f\u00fcr Ihr Verst\u00e4ndnis. \ud83d\ude0a Telefonnummer: +41 41 620 64 55 Hier Termin Online vereinbaren Falls Sie einen Termin nicht wahrnehmen k\u00f6nnen, bitten wir Sie diesen rechtzeitig abzusagen. Termine, welche... Weiterlesen &rarr;\" \/>\n<meta property=\"og:url\" content=\"https:\/\/praxis-am-dorfpark.ch\/\" \/>\n<meta property=\"og:site_name\" content=\"Praxis am Dorfpark\" \/>\n<meta property=\"article:modified_time\" content=\"2026-03-02T12:59:26+00:00\" \/>\n<meta name=\"twitter:card\" content=\"summary_large_image\" \/>\n<script type=\"application\/ld+json\" class=\"yoast-schema-graph\">{\"@context\":\"https:\/\/schema.org\",\"@graph\":[{\"@type\":\"WebSite\",\"@id\":\"https:\/\/praxis-am-dorfpark.ch\/#website\",\"url\":\"https:\/\/praxis-am-dorfpark.ch\/\",\"name\":\"Praxis am Dorfpark\",\"description\":\"Dr. med. Claudia Chavez (ehem. G\\u00f6hring) &amp; Dr. med. Daniel Chavez\",\"potentialAction\":[{\"@type\":\"SearchAction\",\"target\":\"https:\/\/praxis-am-dorfpark.ch\/?s={search_term_string}\",\"query-input\":\"required name=search_term_string\"}],\"inLanguage\":\"de-CH\"},{\"@type\":\"WebPage\",\"@id\":\"https:\/\/praxis-am-dorfpark.ch\/#webpage\",\"url\":\"https:\/\/praxis-am-dorfpark.ch\/\",\"name\":\"Praxis - Praxis am Dorfpark\",\"isPartOf\":{\"@id\":\"https:\/\/praxis-am-dorfpark.ch\/#website\"},\"datePublished\":\"2020-08-29T17:02:44+00:00\",\"dateModified\":\"2026-03-02T12:59:26+00:00\",\"inLanguage\":\"de-CH\",\"potentialAction\":[{\"@type\":\"ReadAction\",\"target\":[\"https:\/\/praxis-am-dorfpark.ch\/\"]}]}]}<\/script>\n<!-- \/ Yoast SEO plugin. -->","_links":{"self":[{"href":"https:\/\/praxis-am-dorfpark.ch\/index.php?rest_route=\/wp\/v2\/pages\/7"}],"collection":[{"href":"https:\/\/praxis-am-dorfpark.ch\/index.php?rest_route=\/wp\/v2\/pages"}],"about":[{"href":"https:\/\/praxis-am-dorfpark.ch\/index.php?rest_route=\/wp\/v2\/types\/page"}],"author":[{"embeddable":true,"href":"https:\/\/praxis-am-dorfpark.ch\/index.php?rest_route=\/wp\/v2\/users\/1"}],"replies":[{"embeddable":true,"href":"https:\/\/praxis-am-dorfpark.ch\/index.php?rest_route=%2Fwp%2Fv2%2Fcomments&post=7"}],"version-history":[{"count":64,"href":"https:\/\/praxis-am-dorfpark.ch\/index.php?rest_route=\/wp\/v2\/pages\/7\/revisions"}],"predecessor-version":[{"id":286,"href":"https:\/\/praxis-am-dorfpark.ch\/index.php?rest_route=\/wp\/v2\/pages\/7\/revisions\/286"}],"wp:attachment":[{"href":"https:\/\/praxis-am-dorfpark.ch\/index.php?rest_route=%2Fwp%2Fv2%2Fmedia&parent=7"}],"curies":[{"name":"wp","href":"https:\/\/api.w.org\/{rel}","templated":true}]}}